{"id":518,"date":"2023-07-08T11:55:39","date_gmt":"2023-07-08T11:55:39","guid":{"rendered":"https:\/\/masajesmarysombra.com\/?page_id=518"},"modified":"2023-07-08T11:57:17","modified_gmt":"2023-07-08T11:57:17","slug":"politica-de-privacidad","status":"publish","type":"page","link":"https:\/\/masajesmarysombra.com\/en\/politica-de-privacidad\/","title":{"rendered":"Pol\u00edtica de Privacidad"},"content":{"rendered":"<div id=\"fws_69e8a73104b68\"  data-column-margin=\"default\" data-midnight=\"dark\" data-top-percent=\"3%\" data-bottom-percent=\"6%\"  class=\"wpb_row vc_row-fluid vc_row  right_padding_14vw left_padding_14vw\" data-using-ctc=\"true\" style=\"padding-top: calc(100vw * 0.03); padding-bottom: calc(100vw * 0.06); color: #3076f2; \"><div class=\"row-bg-wrap\" data-bg-animation=\"none\" data-bg-animation-delay=\"\" data-bg-overlay=\"false\"><div class=\"inner-wrap row-bg-layer\" ><div class=\"row-bg viewport-desktop\"  style=\"\"><\/div><\/div><\/div><div class=\"row_col_wrap_12 col span_12 custom left\">\n\t<div  class=\"vc_col-sm-12 wpb_column column_container vc_column_container col no-extra-padding inherit_tablet inherit_phone\"  data-padding-pos=\"all\" data-has-bg-color=\"false\" data-bg-color=\"\" data-bg-opacity=\"1\" data-animation=\"\" data-delay=\"0\" >\n\t\t<div class=\"vc_column-inner\" >\n\t\t\t<div class=\"wpb_wrapper\">\n\t\t\t\t\n<div class=\"wpb_text_column wpb_content_element\" >\n\t<div class=\"wpb_wrapper\">\n\t\t<h1>Pol\u00edtica de Privacidad<\/h1>\n<p>I<b>\u2013<\/b><span class=\"s2\"><b>\u00a0 INFORMACI\u00d3N EN CUMPLIMIENTO DE LO ESTABLECIDO EN LA LEY 34\/2002, DE 11 DE JULIO, DE SERVICIOS DE LA SOCIEDAD DE LA INFORMACI\u00d3N Y DE COMERCIO ELECTR\u00d3NICO<\/b><\/span><\/p>\n<p class=\"p1\"><span class=\"s2\">En cumplimiento de lo establecido en el art\u00edculo 10 de la Ley 34\/2002, de 11 de julio, de Servicios de la Sociedad de la Informaci\u00f3n y de Comercio Electr\u00f3nico (en adelante, LSSI-CE), se informa de modo expreso, preciso e inequ\u00edvoco, tanto a los destinatarios del servicio como a los \u00f3rganos competentes, de los siguientes aspectos relativos al prestador de servicios de la sociedad de la informaci\u00f3n:<\/span><\/p>\n<p class=\"p4\"><span class=\"s2\">DENOMINACION SOCIAL:\u00a0<b>MAR Y SOMBRA S.L.\u00a0<\/b><\/span><\/p>\n<p class=\"p5\"><span class=\"s3\">CIF:\u00a0<\/span><span class=\"s2\"><b>B-96180732<\/b><\/span><\/p>\n<p class=\"p4\"><span class=\"s2\">ACTIVIDAD:\u00a0<b>Servicios de Playa<\/b><\/span><\/p>\n<p><span class=\"s3\">DIRECCION:\u00a0<\/span><span class=\"s2\"><b>Av. Mare Nostrum 7. 2-1 19, 46120 Alboraya (Valencia) Espa\u00f1a.<\/b><\/span><\/p>\n<p><span class=\"s3\">TEL.\u00a0<\/span><span class=\"s2\"><b>+34 96 372 25 58<\/b><\/span><\/p>\n<p><span class=\"s3\">EMAIL:\u00a0<\/span><span class=\"s2\"><b>info@marysombra.com<\/b><\/span><\/p>\n<p><span class=\"s3\">WEB:\u00a0<\/span><span class=\"s2\"><b>https:\/\/marysombra.com\/<\/b><\/span><b><\/b><\/p>\n<p class=\"p5\"><span class=\"s2\"><b>Inscrita en el Registro Mercantil de Valencia.<\/b><\/span><\/p>\n<p class=\"p5\"><span class=\"s3\"><b>MAR Y SOMBRA S.L:\u00a0<\/b><\/span><span class=\"s2\"><b>Tomo 4546, Libro 1857, Folio 35, Secci\u00f3n 8, Hoja V 27070.<\/b><\/span><\/p>\n<p class=\"p5\">II-<b>\u00a0INFORMACI\u00d3N EN CUMPLIMIENTO DE LA NORMATIVA DE PROTECCI\u00d3N DE DATOS PERSONALES<\/b><\/p>\n<p>En Europa y en Espa\u00f1a existen normas de protecci\u00f3n de datos pensadas para proteger su informaci\u00f3n persona de obligado cumplimiento para nuestra entidad.<\/p>\n<p>Por ello, es muy importante para nosotros que entienda perfectamente qu\u00e9 vamos a hacer con los datos personales que le pedimos.<\/p>\n<p>As\u00ed, seremos transparentes y le daremos el control de sus datos, con un lenguaje sencillo y opciones claras que le permitir\u00e1n decidir qu\u00e9 haremos con su informaci\u00f3n personal.<\/p>\n<p>Por favor, si una vez le\u00edda la presente informaci\u00f3n le queda alguna duda, no dude en preguntarnos.<\/p>\n<p>Muchas gracias por su colaboraci\u00f3n.<\/p>\n<div><b>1. \u00bfPara qu\u00e9 vamos a usar sus datos?<\/b><\/div>\n<div>\n<p class=\"p2\"><span class=\"s2\">Con car\u00e1cter general, sus datos personales ser\u00e1n usados para poder relacionarnos con usted, poder prestarle nuestros servicios y atender las solicitudes que nos ha realizado por medio de los formularios de nuestra web.<\/span><\/p>\n<p class=\"p3\"><span class=\"s2\">Asimismo, tambi\u00e9n pueden ser usados para otras actividades, como enviarle publicidad o promocionar nuestras actividades.<\/span><\/p>\n<p class=\"p3\"><span class=\"s2\"><b>2. \u00bfPor qu\u00e9 necesitamos usar sus datos?<\/b><\/span><\/p>\n<p class=\"p2\"><span class=\"s2\">Sus datos personales son necesarios para poder relacionarnos con usted y poder prestarle nuestros servicios, lo que nos permite el uso de su informaci\u00f3n dentro de la legalidad.<\/span><\/p>\n<p class=\"p5\"><span class=\"s2\">No obstante, hay determinadas situaciones en las cuales necesitaremos su permiso previo para poder realizar determinadas actividades, como poder enviarle publicidad o publicar su imagen en Internet. Para ello, pondremos a su disposici\u00f3n una serie de casillas que le permitir\u00e1n decidir de manera clara y sencilla sobre el uso de su informaci\u00f3n personal.<\/span><\/p>\n<p class=\"p5\"><span class=\"s2\"><b>3. \u00bfQui\u00e9n va a conocer la informaci\u00f3n que le pedimos?<\/b><\/span><\/p>\n<p class=\"p2\"><span class=\"s2\">Con car\u00e1cter general, s\u00f3lo el personal de nuestra entidad que est\u00e9 debidamente autorizado podr\u00e1 tener conocimiento de la informaci\u00f3n que le pedimos.<\/span><\/p>\n<p class=\"p2\"><span class=\"s2\">De igual modo, podr\u00e1n tener conocimiento de su informaci\u00f3n personal aquellas entidades que necesiten tener acceso a la misma para que podamos prestarle nuestros servicios. As\u00ed por ejemplo, nuestro banco conocer\u00e1 sus datos si el pago de nuestros servicios se realiza mediante tarjeta o transferencia bancaria.<\/span><\/p>\n<p class=\"p2\"><span class=\"s2\">Asimismo, tendr\u00e1n conocimiento de su informaci\u00f3n aquellas entidades p\u00fablicas o privadas a las cuales estemos obligados a facilitar sus datos personales con motivo del cumplimiento de alguna ley. Poni\u00e9ndole un ejemplo, la Ley Tributaria obliga a facilitar a la Agencia Tributaria determinada informaci\u00f3n sobre operaciones econ\u00f3micas que superen una determinada cantidad.<\/span><\/p>\n<p class=\"p5\"><span class=\"s2\">En el caso de que, al margen de los supuestos comentados, necesitemos dar a conocer<span class=\"Apple-converted-space\">\u00a0\u00a0<\/span>su informaci\u00f3n personal a otras entidades, le solicitaremos previamente su permiso a trav\u00e9s de opciones claras que le permitir\u00e1n decidir a este respecto.<\/span><\/p>\n<p class=\"p5\"><b>4. \u00bfC\u00f3mo vamos a proteger sus datos?<\/b><\/p>\n<p class=\"p2\"><span class=\"s2\">Protegeremos sus datos con medidas de seguridad eficaces en funci\u00f3n de los riesgos que conlleve el uso de su informaci\u00f3n.<\/span><\/p>\n<p class=\"p5\"><span class=\"s2\">Para ello, nuestra entidad ha aprobado una Pol\u00edtica de Protecci\u00f3n de Datos y se realizan controles y auditor\u00edas anuales para verificar que sus datos personales est\u00e1n seguros en todo momento.<\/span><\/p>\n<p class=\"p5\"><b>5. \u00bfEnviaremos sus datos a otros pa\u00edses?<\/b><\/p>\n<p class=\"p2\"><span class=\"s2\">En el mundo hay pa\u00edses que son seguros para sus datos y otros que no lo son tanto. As\u00ed por ejemplo, la Uni\u00f3n Europea es un entorno seguro para sus datos. Nuestra pol\u00edtica es no enviar su informaci\u00f3n personal a ning\u00fan pa\u00eds que no sea seguro desde el punto de vista de la protecci\u00f3n de sus datos.<\/span><\/p>\n<p class=\"p5\"><span class=\"s2\">En el caso de que, con motivo de prestarle el servicio, sea imprescindible enviar sus datos a un pa\u00eds que no sea tan seguro como Espa\u00f1a, siempre le solicitaremos previamente su permiso y aplicaremos medidas de seguridad eficaces que reduzcan los riesgos del env\u00edo de su informaci\u00f3n personal a otro pa\u00eds.<\/span><\/p>\n<p class=\"p5\"><b>6. \u00bfDurante cu\u00e1nto tiempo vamos a conservar sus datos?<\/b><\/p>\n<p class=\"p5\"><span class=\"s2\">Conservaremos sus datos durante nuestra relaci\u00f3n y mientras nos obliguen las leyes. Una vez finalizados los plazos legales aplicables, procederemos a eliminarlos de forma segura y respetuosa con el medio ambiente.<\/span><\/p>\n<p class=\"p5\"><b>7. \u00bfCu\u00e1les son sus derechos de protecci\u00f3n de datos?<\/b><\/p>\n<p class=\"p2\"><span class=\"s2\">En cualquier momento puede dirigirse a nosotros para saber qu\u00e9 informaci\u00f3n tenemos sobre usted, rectificarla si fuese incorrecta y eliminarla una vez finalizada nuestra relaci\u00f3n, en el caso de que ello sea legalmente posible.<\/span><\/p>\n<p class=\"p2\"><span class=\"s2\">Tambi\u00e9n tiene derecho a solicitar el traspaso de su informaci\u00f3n a otra entidad. Este derecho se llama \u201cportabilidad\u201d y puede ser \u00fatil en determinadas situaciones.<\/span><\/p>\n<p class=\"p2\"><span class=\"s2\">Para solicitar alguno de estos derechos, deber\u00e1 realizar una solicitud escrita a nuestra direcci\u00f3n, junto con una fotocopia de su DNI, para poder identificarle.<\/span><\/p>\n<p class=\"p2\"><span class=\"s2\">En las oficinas de nuestra entidad disponemos de formularios espec\u00edficos para solicitar dichos derechos y le ofrecemos nuestra ayuda para su cumplimentaci\u00f3n.<\/span><\/p>\n<p class=\"p5\"><span class=\"s2\">Para saber m\u00e1s sobre sus derechos de protecci\u00f3n de datos, puede consultar la<span class=\"Apple-converted-space\">\u00a0\u00a0<\/span>p\u00e1gina web de la Agencia Espa\u00f1ola de Protecci\u00f3n de Datos (<a href=\"http:\/\/www.agpd.es\/\" target=\"_blank\" rel=\"noopener\"><span class=\"s3\">www.agpd.es<\/span><\/a>).<\/span><\/p>\n<p class=\"p5\"><span class=\"s2\"><b>8. \u00bfPuede retirar su consentimiento si cambia de opini\u00f3n en un momento posterior?<\/b><\/span><\/p>\n<p class=\"p2\"><span class=\"s2\">Usted puede retirar su consentimiento si cambia de opini\u00f3n sobre el uso de sus datos en cualquier momento.<\/span><\/p>\n<p class=\"p5\"><span class=\"s2\">As\u00ed por ejemplo, si usted en su d\u00eda estuvo interesado\/a en recibir publicidad de nuestros productos o servicios, pero ya no desea recibir m\u00e1s publicidad, puede hac\u00e9rnoslo constar a trav\u00e9s del formulario de oposici\u00f3n al tratmiento disponible en las oficinas de nuestra entidad.<\/span><\/p>\n<p class=\"p5\"><b>9. En caso de que entienda que sus derechos han sido desatendidos, \u00bfd\u00f3nde puede formular una reclamaci\u00f3n?<\/b><\/p>\n<p class=\"p2\"><span class=\"s2\">En caso de que entienda que sus derechos han sido desatendidos por nuestra entidad, puede formular una reclamaci\u00f3n en la Agencia Espa\u00f1ola de Protecci\u00f3n de Datos, a trav\u00e9s de alguno de los medios siguientes:<\/span><\/p>\n<p class=\"p2\"><span class=\"s2\">\u2013 Sede electr\u00f3nica: www.agpd.es<\/span><\/p>\n<p class=\"p2\"><span class=\"s2\">\u2013 Direcci\u00f3n postal:<\/span><\/p>\n<p class=\"p2\"><span class=\"s2\">Agencia Espa\u00f1ola de Protecci\u00f3n de Datos<br \/>\nC\/ Jorge Juan, 6<br \/>\n28001-Madrid<\/span><\/p>\n<p class=\"p2\"><span class=\"s2\">\u2013 Via telef\u00f3nica:<\/span><\/p>\n<p class=\"p2\"><span class=\"s2\">Telf. 901 100 099<\/span><\/p>\n<p class=\"p2\"><span class=\"s2\">Telf. 91 266 35 17<\/span><\/p>\n<p class=\"p5\"><span class=\"s2\">Formular una reclamaci\u00f3n en la Agencia Espa\u00f1ola de Protecci\u00f3n de Datos no conlleva ning\u00fan coste y no es necesaria la asistencia de abogado ni procurador.<\/span><\/p>\n<p class=\"p5\"><b>10. \u00bfElaboraremos perfiles sobre usted?<\/b><\/p>\n<p class=\"p2\"><span class=\"s2\">Nuestra pol\u00edtica es no elaborar perfiles sobre los usuarios de nuestros servicios.<\/span><\/p>\n<p class=\"p2\"><span class=\"s2\">No obstante, pueden existir situaciones en las que, con fines de prestaci\u00f3n del servicio, comerciales o de otro tipo, necesitemos elaborar perfiles de informaci\u00f3n sobre usted. Un ejemplo pudiera ser la utilizaci\u00f3n de su historial de compras o servicios para poder ofrecerle productos o servicios adaptados a sus gustos o necesidades.<\/span><\/p>\n<p class=\"p5\"><span class=\"s2\">En tal caso, siempre le mantendremos informado previamente y aplicaremos medidas de seguridad eficaces que protegan su informaci\u00f3n en todo momento de personas no autorizadas que pretendan utilizarla en su propio beneficio.<\/span><\/p>\n<p class=\"p5\"><b>11. \u00bfUsaremos sus datos para otros fines?<\/b><\/p>\n<p class=\"p5\"><span class=\"s2\">Nuestra pol\u00edtica es no usar sus datos para otras finalidades distintas a las que le hemos explicado. Si, no obstante, necesitasemos usar sus datos para actividades distintas, siempre le solicitaremos previamente su permiso a trav\u00e9s de opciones claras que le permitir\u00e1n decidir al respecto.<\/span><\/p>\n<p class=\"p5\"><span class=\"s2\"><b>12. Calidad de los datos tratados<\/b><\/span><\/p>\n<p class=\"p3\"><span class=\"s2\">Nuestra pol\u00edtica es no recoger datos de personas menores de trece a\u00f1os y en el supuesto de que una persona menor de trece a\u00f1os nos facilite sus datos, procederemos a su destrucci\u00f3n inmediata.<\/span><\/p>\n<p class=\"p3\"><span class=\"s2\">No debe facilitarnos datos falsos o de terceras personas sin su consentimiento. Usted es responsable de la veracidad y exactitud de los datos aportados.<\/span><\/p>\n<\/div>\n\t<\/div>\n<\/div>\n\n\n\n\n\t\t\t<\/div> \n\t\t<\/div>\n\t<\/div> \n<\/div><\/div>","protected":false},"excerpt":{"rendered":"Pol\u00edtica de Privacidad I\u2013\u00a0 INFORMACI\u00d3N EN CUMPLIMIENTO DE LO ESTABLECIDO EN LA LEY 34\/2002, DE 11 DE JULIO, DE SERVICIOS DE LA SOCIEDAD DE LA INFORMACI\u00d3N Y DE COMERCIO ELECTR\u00d3NICO...","protected":false},"author":1,"featured_media":0,"parent":0,"menu_order":0,"comment_status":"closed","ping_status":"closed","template":"","meta":{"footnotes":""},"class_list":["post-518","page","type-page","status-publish"],"_links":{"self":[{"href":"https:\/\/masajesmarysombra.com\/en\/wp-json\/wp\/v2\/pages\/518","targetHints":{"allow":["GET"]}}],"collection":[{"href":"https:\/\/masajesmarysombra.com\/en\/wp-json\/wp\/v2\/pages"}],"about":[{"href":"https:\/\/masajesmarysombra.com\/en\/wp-json\/wp\/v2\/types\/page"}],"author":[{"embeddable":true,"href":"https:\/\/masajesmarysombra.com\/en\/wp-json\/wp\/v2\/users\/1"}],"replies":[{"embeddable":true,"href":"https:\/\/masajesmarysombra.com\/en\/wp-json\/wp\/v2\/comments?post=518"}],"version-history":[{"count":4,"href":"https:\/\/masajesmarysombra.com\/en\/wp-json\/wp\/v2\/pages\/518\/revisions"}],"predecessor-version":[{"id":522,"href":"https:\/\/masajesmarysombra.com\/en\/wp-json\/wp\/v2\/pages\/518\/revisions\/522"}],"wp:attachment":[{"href":"https:\/\/masajesmarysombra.com\/en\/wp-json\/wp\/v2\/media?parent=518"}],"curies":[{"name":"wp","href":"https:\/\/api.w.org\/{rel}","templated":true}]}}