{"id":528,"date":"2023-07-08T12:00:04","date_gmt":"2023-07-08T12:00:04","guid":{"rendered":"https:\/\/masajesmarysombra.com\/?page_id=528"},"modified":"2023-07-08T12:01:00","modified_gmt":"2023-07-08T12:01:00","slug":"politica-de-cookies","status":"publish","type":"page","link":"https:\/\/masajesmarysombra.com\/en\/politica-de-cookies\/","title":{"rendered":"Pol\u00edtica de cookies"},"content":{"rendered":"<div id=\"fws_69e8a720e8a45\"  data-column-margin=\"default\" data-midnight=\"dark\" data-top-percent=\"3%\" data-bottom-percent=\"6%\"  class=\"wpb_row vc_row-fluid vc_row  right_padding_14vw left_padding_14vw\" data-using-ctc=\"true\" style=\"padding-top: calc(100vw * 0.03); padding-bottom: calc(100vw * 0.06); color: #3076f2; \"><div class=\"row-bg-wrap\" data-bg-animation=\"none\" data-bg-animation-delay=\"\" data-bg-overlay=\"false\"><div class=\"inner-wrap row-bg-layer\" ><div class=\"row-bg viewport-desktop\"  style=\"\"><\/div><\/div><\/div><div class=\"row_col_wrap_12 col span_12 custom left\">\n\t<div  class=\"vc_col-sm-12 wpb_column column_container vc_column_container col no-extra-padding inherit_tablet inherit_phone\"  data-padding-pos=\"all\" data-has-bg-color=\"false\" data-bg-color=\"\" data-bg-opacity=\"1\" data-animation=\"\" data-delay=\"0\" >\n\t\t<div class=\"vc_column-inner\" >\n\t\t\t<div class=\"wpb_wrapper\">\n\t\t\t\t\n<div class=\"wpb_text_column wpb_content_element\" >\n\t<div class=\"wpb_wrapper\">\n\t\t<h1>Pol\u00edtica de cookies<\/h1>\n\t<\/div>\n<\/div>\n\n\n\n\n<div class=\"wpb_text_column wpb_content_element\" >\n\t<div class=\"wpb_wrapper\">\n\t\t<div class=\"fusion-title title sep-underline sep-solid fusion-title-size-one fusion-border-below-title\">\n<p class=\"title-heading-left\" data-fontsize=\"34\" data-lineheight=\"47\"><b>1. NORMATIVA APLICABLE<\/b><\/p>\n<\/div>\n<div class=\"fusion-text\">\n<p class=\"p2\"><span class=\"s2\">El apartado segundo del art\u00edculo 22 de la Ley 34\/2002, de 11 de julio, de Servicios de la Sociedad de la Informaci\u00f3n y de Comercio Electr\u00f3nico (en adelante, LSSI-CE), establece lo siguiente:<\/span><\/p>\n<blockquote>\n<p class=\"p4\"><span class=\"s2\">1. Los prestadores de servicios podr\u00e1n utilizar dispositivos de almacenamiento y recuperaci\u00f3n de datos en equipos terminales de los destinatarios, a condici\u00f3n de que los mismos hayan dado su consentimiento despu\u00e9s de que se les haya facilitado informaci\u00f3n clara y completa sobre su utilizaci\u00f3n, en particular, sobre los fines del tratamiento de los datos, con arreglo a lo dispuesto en la Ley Org\u00e1nica 15\/1999, de 13 de diciembre, de Protecci\u00f3n de Datos de Car\u00e1cter Personal.<\/span><\/p>\n<p class=\"p4\"><span class=\"s2\">Cuando sea t\u00e9cnicamente posible y eficaz, el consentimiento del destinatario para aceptar el tratamiento de los datos podr\u00e1 facilitarse mediante el uso de los par\u00e1metros adecuados del navegador o de otras aplicaciones, siempre que aqu\u00e9l deba proceder a su configuraci\u00f3n durante su instalaci\u00f3n o actualizaci\u00f3n mediante una acci\u00f3n expresa a tal efecto.<\/span><\/p>\n<p class=\"p4\"><span class=\"s2\">Lo anterior no impedir\u00e1 el posible almacenamiento o acceso de \u00edndole t\u00e9cnica al solo fin de efectuar la transmisi\u00f3n de una comunicaci\u00f3n por una red de comunicaciones electr\u00f3nicas o, en la medida que resulte estrictamente necesario, para la prestaci\u00f3n de un servicio de la sociedad de la informaci\u00f3n expresamente solicitado por el destinatario.<\/span><\/p>\n<\/blockquote>\n<p class=\"p2\"><span class=\"s2\">Seg\u00fan recoge la \u201cGu\u00eda sobre el uso de las cookies\u201d, publicada por la Agencia Espa\u00f1ola de Protecci\u00f3n de Datos (en adelante, AEPD) en el a\u00f1o 2013, la LSSI-CE es aplicable a cualquier tipo de archivo o dispositivo que se descarga en el equipo terminal de un usuario con la finalidad de almacenar datos que podr\u00e1n ser actualizados y recuperados por la entidad responsable de su instalaci\u00f3n. La cookie es uno de esos dispositivos de uso generalizado por lo que, en adelante, denominaremos gen\u00e9ricamente estos dispositivos como cookies.<\/span><\/p>\n<p class=\"p2\"><span class=\"s2\">Quedan exceptuadas del cumplimiento de las obligaciones establecidas en el art\u00edculo 22.2 de la LSSI-CE las cookies utilizadas para alguna de las siguientes finalidades:<\/span><\/p>\n<ul class=\"ul1\">\n<li class=\"li1\"><span class=\"s2\">Permitir \u00fanicamente la comunicaci\u00f3n entre el equipo del usuario y la red.<\/span><\/li>\n<li class=\"li1\"><span class=\"s2\">Estrictamente prestar un servicio expresamente solicitado por el usuario<\/span><\/li>\n<\/ul>\n<p><b><\/b><span class=\"s2\"><b>2. TIPOS DE COOKIES Y SU FINALIDAD<\/b><\/span><\/p>\n<p class=\"p2\"><span class=\"s2\">Una cookie es un fichero que se descarga en su ordenador, las cuales permiten a una p\u00e1gina web, entre otras cosas, almacenar y recuperar informaci\u00f3n sobre los h\u00e1bitos de navegaci\u00f3n de un usuario o de su equipo y, dependiendo de la informaci\u00f3n que contengan y de la forma en que utilice su ordenador, pueden utilizarse para reconocer al usuario.<\/span><\/p>\n<p class=\"p2\"><span class=\"s2\">Tal como recoge la \u201cGu\u00eda sobre el uso de las cookies\u201d de la Agencia Espa\u00f1ola de Protecci\u00f3n de Datos, seg\u00fan la finalidad para la que se traten los datos obtenidos a trav\u00e9s de las cookies, existen diferentes tipos:<\/span><\/p>\n<ul class=\"ul1\">\n<li class=\"li1\"><span class=\"s2\"><b>Cookies t\u00e9cnicas:<\/b>\u00a0Son aqu\u00e9llas que permiten al usuario la navegaci\u00f3n a trav\u00e9s de una p\u00e1gina web, plataforma o aplicaci\u00f3n y la utilizaci\u00f3n de las diferentes opciones o servicios que en ella existan como, por ejemplo, controlar el tr\u00e1fico y la comunicaci\u00f3n de datos, identificar la sesi\u00f3n, acceder a partes de acceso restringido, recordar los elementos que integran un pedido, realizar el proceso de compra de un pedido, realizar la solicitud de inscripci\u00f3n o participaci\u00f3n en un evento, utilizar elementos de seguridad durante la navegaci\u00f3n, almacenar contenidos para la difusi\u00f3n de videos o sonido o compartir contenidos a trav\u00e9s de redes sociales.<\/span><\/li>\n<\/ul>\n<ul class=\"ul1\">\n<li class=\"li1\"><span class=\"s2\"><b>Cookies de personalizaci\u00f3n:<\/b>\u00a0Son aqu\u00e9llas que permiten al usuario acceder al servicio con algunas caracter\u00edsticas de car\u00e1cter general predefinidas en funci\u00f3n de una serie de criterios en el terminal del usuario como por ejemplo serian el idioma, el tipo de navegador a trav\u00e9s del cual accede al servicio, la configuraci\u00f3n regional desde donde accede al servicio, etc.<\/span><\/li>\n<\/ul>\n<ul class=\"ul1\">\n<li class=\"li1\"><span class=\"s2\"><b>Cookies de an\u00e1lisis:<\/b>\u00a0Son aqu\u00e9llas que permiten al responsable de las mismas, el seguimiento y an\u00e1lisis del comportamiento de los usuarios de los sitios web a los que est\u00e1n vinculadas. La informaci\u00f3n recogida mediante este tipo de cookies se utiliza en la medici\u00f3n de la actividad de los sitios web, aplicaci\u00f3n o plataforma y para la elaboraci\u00f3n de perfiles de navegaci\u00f3n de los usuarios de dichos sitios, aplicaciones y plataformas, con el fin de introducir mejoras en funci\u00f3n del an\u00e1lisis de los datos de uso que hacen los usuarios del servicio.<\/span><\/li>\n<\/ul>\n<ul class=\"ul1\">\n<li class=\"li1\"><span class=\"s2\"><b>Cookies publicitarias:<\/b>\u00a0Son aqu\u00e9llas que permiten la gesti\u00f3n, de la forma m\u00e1s eficaz posible, de los espacios publicitarios que, en su caso, el editor haya incluido en una p\u00e1gina web, aplicaci\u00f3n o plataforma desde la que presta el servicio solicitado en base a criterios como el contenido editado o la frecuencia en la que se muestran los anuncios.<\/span><\/li>\n<\/ul>\n<ul class=\"ul1\">\n<li class=\"li1\"><span class=\"s2\"><b>Cookies de publicidad comportamental:<\/b>\u00a0Son aqu\u00e9llas que permiten la gesti\u00f3n, de la forma m\u00e1s eficaz posible, de los espacios publicitarios que, en su caso, el editor haya incluido en una p\u00e1gina web, aplicaci\u00f3n o plataforma desde la que presta el servicio solicitado. Estas cookies almacenan informaci\u00f3n del comportamiento de los usuarios obtenida a trav\u00e9s de la observaci\u00f3n continuada de sus h\u00e1bitos de navegaci\u00f3n, lo que permite desarrollar un perfil espec\u00edfico para mostrar publicidad en funci\u00f3n del mismo.<\/span><b><\/b><\/li>\n<\/ul>\n<p><span class=\"s2\"><b>3. PRINCIPIO DE INFORMACI\u00d3N<\/b><\/span><\/p>\n<p class=\"p2\"><span class=\"s2\">La informaci\u00f3n que se obtenga a trav\u00e9s de las cookies que se instalen en su ordenador, ser\u00e1 utilizada con las siguientes finalidades:<\/span><\/p>\n<p class=\"p2\"><span class=\"s4\">Garantizar la calidad, seguridad y mejora de los servicios ofrecidos<\/span><\/p>\n<p class=\"p2\"><span class=\"s2\">Los destinatarios de la informaci\u00f3n que se obtenga a trav\u00e9s de las cookies que se instalen en su ordenador ser\u00e1n las siguientes entidades:<\/span><\/p>\n<ul class=\"ul1\">\n<li class=\"li1\"><span class=\"s2\">Nuestra entidad como editor responsable de la web y responsable del tratamiento.<\/span><\/li>\n<li class=\"li1\"><span class=\"s2\">Las entidades siguientes, directamente relacionadas con nuestra entidad (si es el caso):<span class=\"Apple-converted-space\">\u00a0\u00a0<\/span><\/span><span class=\"s4\">GOOGLE.<\/span><b><\/b><\/li>\n<\/ul>\n<p><span class=\"s2\"><b>4. PRINCIPIO DEL CONSENTIMIENTO<\/b><\/span><\/p>\n<p class=\"p2\"><span class=\"s2\">Su consentimiento para la instalaci\u00f3n de cookies se realiza marcando la casilla \u201cACEPTAR\u201d incluida en nuestra ventana emergente y la informaci\u00f3n ampliada sobre las Cookies se muestra en esta Pol\u00edtica de cookies.<\/span><\/p>\n<p class=\"p2\"><b>5. INSTALACI\u00d3N DE COOKIES<\/b><\/p>\n<p class=\"p2\"><span class=\"s2\">Si bien la aceptaci\u00f3n de la instalaci\u00f3n de las cookies en su ordenador es decisi\u00f3n suya, la negativa a su instalaci\u00f3n puede suponer que la funcionalidad de la p\u00e1gina web quede limitada o no sea posible, lo cual imposibilitar\u00eda la prestaci\u00f3n de servicios por parte de nuestra entidad a trav\u00e9s de la misma.<\/span><\/p>\n<p class=\"p2\"><b>6. DESACTIVACI\u00d3N DE COOKIES<\/b><\/p>\n<p class=\"p2\"><span class=\"s2\">Usted puede en cualquier momento bloquear, desactivar o cambiar la configuraci\u00f3n de las cookies instaladas en su ordenador. Para ello le facilitamos el modo de hacerlo en los principales navegadores:<\/span><\/p>\n<p class=\"p10\"><span class=\"s6\">CHROME:\u00a0<a href=\"https:\/\/support.google.com\/chrome\/answer\/95647?hl=es\" target=\"_blank\" rel=\"noopener\"><span class=\"s7\">https:\/\/support.google.com\/chrome\/answer\/95647?hl=es<\/span><\/a><\/span><\/p>\n<p class=\"p10\"><span class=\"s6\">EXPLORER:\u00a0<a href=\"http:\/\/windows.microsoft.com\/es-es\/windows-vista\/Block-or-allow-cookies\" target=\"_blank\" rel=\"noopener\"><span class=\"s7\">http:\/\/windows.microsoft.com\/es-es\/windows-vista\/Block-or-allow-cookies<\/span><\/a><\/span><\/p>\n<p class=\"p10\"><span class=\"s6\">FIREFOX:\u00a0<a href=\"http:\/\/support.mozilla.org\/es\/kb\/habilitar-y-deshabilitar-cookies-que-los-sitios-we\" target=\"_blank\" rel=\"noopener\"><span class=\"s7\">http:\/\/support.mozilla.org\/es\/kb\/habilitar-y-deshabilitar-cookies-que-los-sitios-we<\/span><\/a><\/span><\/p>\n<p class=\"p10\"><span class=\"s6\">SAFARI:\u00a0<span class=\"Apple-converted-space\">\u00a0 \u00a0\u00a0<\/span><a href=\"http:\/\/www.apple.com\/es\/privacy\/use-of-cookies\/\" target=\"_blank\" rel=\"noopener\"><span class=\"s7\">http:\/\/www.apple.com\/es\/privacy\/use-of-cookies\/<\/span><\/a><\/span><\/p>\n<p class=\"p11\"><span class=\"s2\">As\u00ed como las cookies a terceros Google AdWords:<\/span><\/p>\n<p class=\"p12\"><span class=\"s8\"><a href=\"http:\/\/www.google.es\/intl\/es\/policies\/technologies\/cookies\/\" target=\"_blank\" rel=\"noopener\">http:\/\/www.google.es\/intl\/es\/policies\/technologies\/cookies\/<\/a><\/span><\/p>\n<p class=\"p2\"><span class=\"s2\">Nuestra entidad no se hace responsable del contenido y veracidad de las pol\u00edticas de cookies de los anteriores terceros.<\/span><\/p>\n<p class=\"p2\"><span class=\"s2\"><b>7. SEGURIDAD DE SUS DATOS<\/b><\/span><\/p>\n<p class=\"p13\"><span class=\"s2\">Protegeremos sus datos con medidas de seguridad eficaces en funci\u00f3n de los riesgos que conlleve el uso de su informaci\u00f3n.<\/span><\/p>\n<p class=\"p2\"><span class=\"s2\">Para ello, nuestra entidad ha aprobado una Pol\u00edtica de Protecci\u00f3n de Datos y se realizan controles y auditor\u00edas anuales para verificar que sus datos personales est\u00e1n seguros en todo momento.<\/span><\/p>\n<p class=\"p2\"><b>8. \u00bfD\u00d3NDE PUEDE FORMULAR UNA RECLAMACI\u00d3N?<\/b><\/p>\n<p class=\"p13\"><span class=\"s2\">En caso de que entienda que sus derechos han sido desatendidos por nuestra entidad, puede formular una reclamaci\u00f3n en la Agencia Espa\u00f1ola de Protecci\u00f3n de Datos, a trav\u00e9s de alguno de los medios siguientes:<\/span><\/p>\n<ul class=\"ul1\">\n<li class=\"li17\"><span class=\"s2\">Sede electr\u00f3nica: www.agpd.es<\/span><\/li>\n<li class=\"li1\"><span class=\"s2\">Direcci\u00f3n postal:<\/span><\/li>\n<\/ul>\n<p class=\"p18\"><span class=\"s2\">Agencia Espa\u00f1ola de Protecci\u00f3n de Datos<br \/>\nC\/ Jorge Juan, 6<br \/>\n28001-Madrid<\/span><\/p>\n<ul class=\"ul1\">\n<li class=\"li1\"><span class=\"s2\">Via telef\u00f3nica:<\/span><\/li>\n<\/ul>\n<p class=\"p19\"><span class=\"s2\">Telf. 901 100 099<\/span><\/p>\n<p class=\"p18\"><span class=\"s2\">Telf. 91 266 35 17<\/span><\/p>\n<p class=\"p20\"><span class=\"s2\">Formular una reclamaci\u00f3n en la Agencia Espa\u00f1ola de Protecci\u00f3n de Datos no conlleva ning\u00fan coste y no es necesaria la asistencia de abogado ni procurador.<\/span><\/p>\n<\/div>\n\t<\/div>\n<\/div>\n\n\n\n\n\t\t\t<\/div> \n\t\t<\/div>\n\t<\/div> \n<\/div><\/div>","protected":false},"excerpt":{"rendered":"Pol\u00edtica de cookies 1. NORMATIVA APLICABLE El apartado segundo del art\u00edculo 22 de la Ley 34\/2002, de 11 de julio, de Servicios de la Sociedad de la Informaci\u00f3n y de...","protected":false},"author":1,"featured_media":0,"parent":0,"menu_order":0,"comment_status":"closed","ping_status":"closed","template":"","meta":{"footnotes":""},"class_list":["post-528","page","type-page","status-publish"],"_links":{"self":[{"href":"https:\/\/masajesmarysombra.com\/en\/wp-json\/wp\/v2\/pages\/528","targetHints":{"allow":["GET"]}}],"collection":[{"href":"https:\/\/masajesmarysombra.com\/en\/wp-json\/wp\/v2\/pages"}],"about":[{"href":"https:\/\/masajesmarysombra.com\/en\/wp-json\/wp\/v2\/types\/page"}],"author":[{"embeddable":true,"href":"https:\/\/masajesmarysombra.com\/en\/wp-json\/wp\/v2\/users\/1"}],"replies":[{"embeddable":true,"href":"https:\/\/masajesmarysombra.com\/en\/wp-json\/wp\/v2\/comments?post=528"}],"version-history":[{"count":2,"href":"https:\/\/masajesmarysombra.com\/en\/wp-json\/wp\/v2\/pages\/528\/revisions"}],"predecessor-version":[{"id":530,"href":"https:\/\/masajesmarysombra.com\/en\/wp-json\/wp\/v2\/pages\/528\/revisions\/530"}],"wp:attachment":[{"href":"https:\/\/masajesmarysombra.com\/en\/wp-json\/wp\/v2\/media?parent=528"}],"curies":[{"name":"wp","href":"https:\/\/api.w.org\/{rel}","templated":true}]}}