{"id":534,"date":"2023-07-08T12:24:05","date_gmt":"2023-07-08T12:24:05","guid":{"rendered":"https:\/\/masajesmarysombra.com\/?page_id=534"},"modified":"2024-01-10T12:02:40","modified_gmt":"2024-01-10T12:02:40","slug":"trabaja-con-nosotros","status":"publish","type":"page","link":"https:\/\/masajesmarysombra.com\/en\/trabaja-con-nosotros\/","title":{"rendered":"Trabaja con Nosotros"},"content":{"rendered":"<div id=\"fws_69e8a2fa2dbc4\"  data-column-margin=\"default\" data-midnight=\"dark\"  class=\"wpb_row vc_row-fluid vc_row  bottom_margin_-2pct right_padding_0px left_padding_0px nectar-overflow-hidden right_padding_tablet_0px right_padding_phone_0px left_padding_tablet_0px left_padding_phone_0px\"  style=\"padding-top: 0px; padding-bottom: 0px; \"><div class=\"row-bg-wrap\" data-bg-animation=\"none\" data-bg-animation-delay=\"\" data-bg-overlay=\"false\"><div class=\"inner-wrap row-bg-layer\" ><div class=\"row-bg viewport-desktop\"  style=\"\"><\/div><\/div><\/div><div class=\"row_col_wrap_12 col span_12 dark left\">\n\t<div style=\" color: #3076f2;\" class=\"vc_col-sm-12 wpb_column column_container vc_column_container col column_position_relative el_spacing_0px left_padding_desktop_0px left_padding_tablet_7vw top_padding_tablet_30px right_padding_desktop_0px right_padding_tablet_7vw bottom_padding_tablet_0px\" data-cfc=\"true\"  data-overlay-color=\"true\" data-padding-pos=\"all\" data-has-bg-color=\"false\" data-bg-color=\"\" data-bg-opacity=\"1\" data-animation=\"\" data-delay=\"0\" >\n\t\t<div class=\"vc_column-inner\" ><div class=\"column-bg-overlay-wrap column-bg-layer\" data-bg-animation=\"none\"><div class=\"column-bg-overlay\"><\/div><div class=\"column-overlay-layer\" style=\"\"><\/div><\/div>\n\t\t\t<div class=\"wpb_wrapper\">\n\t\t\t\t<div id=\"fws_69e8a2fa2df37\" data-midnight=\"\" data-column-margin=\"default\" class=\"wpb_row vc_row-fluid vc_row inner_row vc_row-o-equal-height vc_row-flex vc_row-o-content-middle\"  style=\"\"><div class=\"row-bg-wrap\"> <div class=\"row-bg\" ><\/div> <\/div><div class=\"row_col_wrap_12_inner col span_12  left\">\n\t<div  class=\"vc_col-sm-6 wpb_column column_container vc_column_container col child_column no-extra-padding inherit_tablet inherit_phone\"   data-padding-pos=\"all\" data-has-bg-color=\"false\" data-bg-color=\"\" data-bg-opacity=\"1\" data-animation=\"\" data-delay=\"0\" >\n\t\t<div class=\"vc_column-inner\" >\n\t\t<div class=\"wpb_wrapper\">\n\t\t\t\n<div class=\"wpb_text_column wpb_content_element  grande\" >\n\t<div class=\"wpb_wrapper\">\n\t\t<h1><strong>Trabaja con nosotros<\/strong><\/h1>\n\t<\/div>\n<\/div>\n\n\n\n\n\t\t<\/div> \n\t<\/div>\n\t<\/div> \n\n\t<div  class=\"vc_col-sm-6 wpb_column column_container vc_column_container col child_column no-extra-padding inherit_tablet inherit_phone\"   data-padding-pos=\"all\" data-has-bg-color=\"false\" data-bg-color=\"\" data-bg-opacity=\"1\" data-animation=\"\" data-delay=\"0\" >\n\t\t<div class=\"vc_column-inner\" >\n\t\t<div class=\"wpb_wrapper\">\n\t\t\t<div class=\"img-with-aniamtion-wrap\" data-max-width=\"100%\" data-max-width-mobile=\"default\" data-shadow=\"none\" data-animation=\"none\" >\n      <div class=\"inner\">\n        <div class=\"hover-wrap\"> \n          <div class=\"hover-wrap-inner\">\n            <img loading=\"lazy\" decoding=\"async\" class=\"img-with-animation skip-lazy\" data-delay=\"0\" height=\"645\" width=\"1020\" data-animation=\"none\" src=\"https:\/\/masajesmarysombra.com\/wp-content\/uploads\/2023\/08\/dron-equipo-MAR-Y-SOMBRA-servicios-playa-valencia-hamacas-chiringuitos-bebidas-sombrillas.jpg\" alt=\"\" srcset=\"https:\/\/masajesmarysombra.com\/wp-content\/uploads\/2023\/08\/dron-equipo-MAR-Y-SOMBRA-servicios-playa-valencia-hamacas-chiringuitos-bebidas-sombrillas.jpg 1020w, https:\/\/masajesmarysombra.com\/wp-content\/uploads\/2023\/08\/dron-equipo-MAR-Y-SOMBRA-servicios-playa-valencia-hamacas-chiringuitos-bebidas-sombrillas-300x190.jpg 300w, https:\/\/masajesmarysombra.com\/wp-content\/uploads\/2023\/08\/dron-equipo-MAR-Y-SOMBRA-servicios-playa-valencia-hamacas-chiringuitos-bebidas-sombrillas-768x486.jpg 768w\" sizes=\"auto, (max-width: 1020px) 100vw, 1020px\" \/>\n          <\/div>\n        <\/div>\n      <\/div>\n    <\/div>\n\t\t<\/div> \n\t<\/div>\n\t<\/div> \n<\/div><\/div>\n\t\t\t<\/div> \n\t\t<\/div>\n\t<\/div> \n<\/div><\/div>\n\t\t<div id=\"fws_69e8a2fa2e67f\"  data-column-margin=\"default\" data-midnight=\"dark\" data-bottom-percent=\"5%\"  class=\"wpb_row vc_row-fluid vc_row  right_padding_17vw left_padding_17vw right_padding_phone_0px left_padding_phone_0px\"  style=\"padding-top: 0px; padding-bottom: calc(100vw * 0.05); \"><div class=\"row-bg-wrap\" data-bg-animation=\"none\" data-bg-animation-delay=\"\" data-bg-overlay=\"false\"><div class=\"inner-wrap row-bg-layer\" ><div class=\"row-bg viewport-desktop\"  style=\"\"><\/div><\/div><\/div><div class=\"row_col_wrap_12 col span_12 dark left\">\n\t<div style=\"\" class=\"vc_col-sm-12 wpb_column column_container vc_column_container col padding-5-percent inherit_tablet inherit_phone\" data-using-bg=\"true\" data-border-radius=\"20px\" data-padding-pos=\"all\" data-has-bg-color=\"true\" data-bg-color=\"#ffffff\" data-bg-opacity=\"1\" data-animation=\"\" data-delay=\"0\" >\n\t\t<div class=\"vc_column-inner\" ><div class=\"column-bg-overlay-wrap column-bg-layer\" data-bg-animation=\"none\"><div class=\"column-bg-overlay\" style=\"opacity: 1; background-color: #ffffff;\"><\/div><\/div>\n\t\t\t<div class=\"wpb_wrapper\">\n\t\t\t\t<div id=\"fws_69e8a2fa2e829\" data-midnight=\"\" data-column-margin=\"default\" class=\"wpb_row vc_row-fluid vc_row inner_row\"  style=\"\"><div class=\"row-bg-wrap\"> <div class=\"row-bg\" ><\/div> <\/div><div class=\"row_col_wrap_12_inner col span_12  left\">\n\t<div style=\" color: #3076f2;\" class=\"vc_col-sm-12 wpb_column column_container vc_column_container col child_column no-extra-padding inherit_tablet inherit_phone\" data-cfc=\"true\"  data-padding-pos=\"all\" data-has-bg-color=\"false\" data-bg-color=\"\" data-bg-opacity=\"1\" data-animation=\"\" data-delay=\"0\" >\n\t\t<div class=\"vc_column-inner\" >\n\t\t<div class=\"wpb_wrapper\">\n\t\t\t\n<div class=\"wpb_text_column wpb_content_element\" >\n\t<div class=\"wpb_wrapper\">\n\t\t<h3>\u00bfQuieres formar parte del equipo?<\/h3>\n<p>Env\u00edanos tu curriculum estaremos encantados de evaluarlo.<\/p>\n\t<\/div>\n<\/div>\n\n\n\n\n<div class=\"wpcf7 no-js\" id=\"wpcf7-f532-o1\" lang=\"es-ES\" dir=\"ltr\">\n<div class=\"screen-reader-response\"><p role=\"status\" aria-live=\"polite\" aria-atomic=\"true\"><\/p> <ul><\/ul><\/div>\n<form action=\"\/en\/wp-json\/wp\/v2\/pages\/534#wpcf7-f532-o1\" method=\"post\" class=\"wpcf7-form init\" aria-label=\"Formulario de contacto\" enctype=\"multipart\/form-data\" novalidate=\"novalidate\" data-status=\"init\" data-trp-original-action=\"\/en\/wp-json\/wp\/v2\/pages\/534#wpcf7-f532-o1\">\n<div style=\"display: none;\">\n<input type=\"hidden\" name=\"_wpcf7\" value=\"532\" \/>\n<input type=\"hidden\" name=\"_wpcf7_version\" value=\"5.9.6\" \/>\n<input type=\"hidden\" name=\"_wpcf7_locale\" value=\"es_ES\" \/>\n<input type=\"hidden\" name=\"_wpcf7_unit_tag\" value=\"wpcf7-f532-o1\" \/>\n<input type=\"hidden\" name=\"_wpcf7_container_post\" value=\"0\" \/>\n<input type=\"hidden\" name=\"_wpcf7_posted_data_hash\" value=\"\" \/>\n<input type=\"hidden\" name=\"_wpcf7_recaptcha_response\" value=\"\" \/>\n<\/div>\n<div class=\"row\">\n\t<div class=\"col span_12 col_last\">\n\t\t<div class=\"minimal-form-input\">\n\t\t\t<p><span class=\"wpcf7-form-control-wrap\" data-name=\"your-name\"><input size=\"40\" maxlength=\"80\" class=\"wpcf7-form-control wpcf7-text wpcf7-validates-as-required\" aria-required=\"true\" aria-invalid=\"false\" placeholder=\"Nombre y Apellidos\" value=\"\" type=\"text\" name=\"your-name\" \/><\/span>\n\t\t\t<\/p>\n\t\t<\/div>\n\t<\/div>\n\t<div class=\"col span_12 col_last\">\n\t\t<div class=\"minimal-form-input\">\n\t\t\t<p><span class=\"wpcf7-form-control-wrap\" data-name=\"phone\"><input size=\"40\" maxlength=\"80\" class=\"wpcf7-form-control wpcf7-text wpcf7-validates-as-required\" aria-required=\"true\" aria-invalid=\"false\" placeholder=\"Tel\u00e9fono\" value=\"\" type=\"text\" name=\"phone\" \/><\/span>\n\t\t\t<\/p>\n\t\t<\/div>\n\t<\/div>\n\t<div class=\"col span_12 col_last\">\n\t\t<div class=\"minimal-form-input\">\n\t\t\t<p><span class=\"wpcf7-form-control-wrap\" data-name=\"email\"><input size=\"40\" maxlength=\"80\" class=\"wpcf7-form-control wpcf7-text wpcf7-validates-as-required\" aria-required=\"true\" aria-invalid=\"false\" placeholder=\"Email\" value=\"\" type=\"text\" name=\"email\" \/><\/span>\n\t\t\t<\/p>\n\t\t<\/div>\n\t<\/div>\n\t<div class=\"col span_12 col_last\">\n\t\t<div class=\"minimal-form-input\">\n\t\t\t<p><span class=\"wpcf7-form-control-wrap\" data-name=\"mensaje\"><input size=\"40\" maxlength=\"80\" class=\"wpcf7-form-control wpcf7-text wpcf7-validates-as-required\" aria-required=\"true\" aria-invalid=\"false\" placeholder=\"Observaciones\" value=\"\" type=\"text\" name=\"mensaje\" \/><\/span>\n\t\t\t<\/p>\n\t\t<\/div>\n\t<\/div>\n\t<div class=\"col span_12 col_last\">\n\t\t<div class=\"minimal-form-input\">\n\t\t\t<p>Sube tu curriculum aqu\u00ed<br \/>\n<span class=\"wpcf7-form-control-wrap\" data-name=\"Curriculum\"><input size=\"40\" class=\"wpcf7-form-control wpcf7-file subir\" accept=\".pdf,.jpg,.png,.tif\" aria-invalid=\"false\" type=\"file\" name=\"Curriculum\" \/><\/span>\n\t\t\t<\/p>\n\t\t<\/div>\n\t<\/div>\n<\/div>\n<p><span class=\"wpcf7-form-control-wrap\" data-name=\"terminos-legales\"><span class=\"wpcf7-form-control wpcf7-acceptance\"><span class=\"wpcf7-list-item\"><label><input type=\"checkbox\" name=\"terminos-legales\" value=\"1\" aria-invalid=\"false\" \/><span class=\"wpcf7-list-item-label\">He le\u00eddo, acepto y entiendo la <a href=\"https:\/\/masajesmarysombra.com\/en\/politica-de-privacidad\/\">Pol\u00edtica de Privacidad <\/a> d\u00e1ndome por informado\/a de todo lo que en ella se dispone<\/p><\/span><\/label><\/span><\/span><\/span>\n<\/p>\n<p><input class=\"wpcf7-form-control wpcf7-submit has-spinner\" type=\"submit\" value=\"Enviar\" \/>\n<\/p><p style=\"display: none !important;\" class=\"akismet-fields-container\" data-prefix=\"_wpcf7_ak_\"><label>&#916;<textarea name=\"_wpcf7_ak_hp_textarea\" cols=\"45\" rows=\"8\" maxlength=\"100\"><\/textarea><\/label><input type=\"hidden\" id=\"ak_js_1\" name=\"_wpcf7_ak_js\" value=\"33\"\/><script>document.getElementById( \"ak_js_1\" ).setAttribute( \"value\", ( new Date() ).getTime() );<\/script><\/p><div class=\"wpcf7-response-output\" aria-hidden=\"true\"><\/div>\n<input type=\"hidden\" name=\"trp-form-language\" value=\"en\"\/><\/form>\n<\/div>\n\n\t\t<\/div> \n\t<\/div>\n\t<\/div> \n<\/div><\/div>\n\t\t\t<\/div> \n\t\t<\/div>\n\t<\/div> \n<\/div><\/div>\n\t\t<div id=\"fws_69e8a2fa2fd1c\"  data-column-margin=\"default\" data-midnight=\"dark\" data-top-percent=\"6%\" data-bottom-percent=\"8%\"  class=\"wpb_row vc_row-fluid vc_row full-width-content bg-animation--slight vc_row-o-equal-height vc_row-flex vc_row-o-content-top  zindex-set nectar-overflow-hidden\"  style=\"padding-top: calc(100vw * 0.06); padding-bottom: calc(100vw * 0.08);  z-index: 10;\"><div class=\"row-bg-wrap\" data-bg-animation=\"zoom-out-reveal\" data-bg-animation-delay=\"\" data-bg-overlay=\"false\"><div class=\"inner-wrap row-bg-layer\" ><div class=\"row-bg viewport-desktop\"  style=\"\"><\/div><\/div><\/div><div class=\"row_col_wrap_12 col span_12 dark left\">\n\t<div style=\"z-index: 10; \" class=\"vc_col-sm-12 wpb_column column_container vc_column_container col no-extra-padding el_spacing_0px inherit_tablet inherit_phone\"  data-padding-pos=\"all\" data-has-bg-color=\"false\" data-bg-color=\"\" data-bg-opacity=\"1\" data-animation=\"\" data-delay=\"0\" >\n\t\t<div class=\"vc_column-inner\" >\n\t\t\t<div class=\"wpb_wrapper\">\n\t\t\t\t<div id=\"fws_69e8a2fa2feda\" data-midnight=\"\" data-column-margin=\"default\" class=\"wpb_row vc_row-fluid vc_row inner_row  translate_x_-13pct\"  style=\" z-index: 100;\"><div class=\"row-bg-wrap\"> <div class=\"row-bg\" ><\/div> <\/div><div class=\"row_col_wrap_12_inner col span_12  left\">\n\t<div  class=\"vc_col-sm-12 wpb_column column_container vc_column_container col child_column no-extra-padding inherit_tablet inherit_phone\"   data-padding-pos=\"all\" data-has-bg-color=\"false\" data-bg-color=\"\" data-bg-opacity=\"1\" data-animation=\"\" data-delay=\"0\" data-scroll-animation=\"true\" data-scroll-animation-movement=\"transform_x\" data-scroll-animation-mobile=\"true\" data-scroll-animation-intensity=\"2.5\" >\n\t\t<div class=\"vc_column-inner\" >\n\t\t<div class=\"wpb_wrapper\">\n\t\t\t<div class=\"nectar-scrolling-text font_size_5vw font_size_mobile_6vw\" data-style=\"default\" data-s-dir=\"ltr\" data-spacing=\"false\" data-outline-thickness=\"thin\" data-s-speed=\"slower\" data-overflow=\"visible\" ><div class=\"nectar-scrolling-text-inner\" style=\"color: #ff5c00;\"><div class=\"nectar-scrolling-text-inner__text-chunk\">\n<h2>Keep calm and Mar y Sombra<span>&nbsp;<\/span><\/h2>\n<\/div><div class=\"nectar-scrolling-text-inner__text-chunk\">\n<h2>Keep calm and Mar y Sombra<span>&nbsp;<\/span><\/h2>\n<\/div><div class=\"nectar-scrolling-text-inner__text-chunk\">\n<h2>Keep calm and Mar y Sombra<span>&nbsp;<\/span><\/h2>\n<\/div><div class=\"nectar-scrolling-text-inner__text-chunk\">\n<h2>Keep calm and Mar y Sombra<span>&nbsp;<\/span><\/h2>\n<\/div><div class=\"nectar-scrolling-text-inner__text-chunk\">\n<h2>Keep calm and Mar y Sombra<span>&nbsp;<\/span><\/h2>\n<\/div><div class=\"nectar-scrolling-text-inner__text-chunk\">\n<h2>Keep calm and Mar y Sombra<span>&nbsp;<\/span><\/h2>\n<\/div><div class=\"nectar-scrolling-text-inner__text-chunk\">\n<h2>Keep calm and Mar y Sombra<span>&nbsp;<\/span><\/h2>\n<\/div><div class=\"nectar-scrolling-text-inner__text-chunk\">\n<h2>Keep calm and Mar y Sombra<span>&nbsp;<\/span><\/h2>\n<\/div><\/div><\/div>\n\t\t<\/div> \n\t<\/div>\n\t<\/div> \n<\/div><\/div><div id=\"fws_69e8a2fa30183\" data-midnight=\"\" data-column-margin=\"default\" class=\"wpb_row vc_row-fluid vc_row inner_row\"  style=\"\"><div class=\"row-bg-wrap\"> <div class=\"row-bg\" ><\/div> <\/div><div class=\"row_col_wrap_12_inner col span_12  left\">\n\t<div  class=\"vc_col-sm-12 wpb_column column_container vc_column_container col child_column no-extra-padding inherit_tablet inherit_phone\"   data-padding-pos=\"all\" data-has-bg-color=\"false\" data-bg-color=\"\" data-bg-opacity=\"1\" data-animation=\"\" data-delay=\"0\" data-scroll-animation=\"true\" data-scroll-animation-movement=\"transform_x\" data-scroll-animation-mobile=\"true\" data-scroll-animation-intensity=\"-2.5\" >\n\t\t<div class=\"vc_column-inner\" >\n\t\t<div class=\"wpb_wrapper\">\n\t\t\t<div class=\"nectar-scrolling-text font_size_5vw font_size_mobile_6vw\" data-style=\"default\" data-s-dir=\"rtl\" data-spacing=\"false\" data-outline-thickness=\"thin\" data-s-speed=\"slower\" data-overflow=\"visible\" ><div class=\"nectar-scrolling-text-inner\" style=\"color: #ff5c00;\"><div class=\"nectar-scrolling-text-inner__text-chunk\">\n<h2>Keep calm and Mar y Sombra<span>&nbsp;<\/span><\/h2>\n<\/div><div class=\"nectar-scrolling-text-inner__text-chunk\">\n<h2>Keep calm and Mar y Sombra<span>&nbsp;<\/span><\/h2>\n<\/div><div class=\"nectar-scrolling-text-inner__text-chunk\">\n<h2>Keep calm and Mar y Sombra<span>&nbsp;<\/span><\/h2>\n<\/div><div class=\"nectar-scrolling-text-inner__text-chunk\">\n<h2>Keep calm and Mar y Sombra<span>&nbsp;<\/span><\/h2>\n<\/div><div class=\"nectar-scrolling-text-inner__text-chunk\">\n<h2>Keep calm and Mar y Sombra<span>&nbsp;<\/span><\/h2>\n<\/div><div class=\"nectar-scrolling-text-inner__text-chunk\">\n<h2>Keep calm and Mar y Sombra<span>&nbsp;<\/span><\/h2>\n<\/div><div class=\"nectar-scrolling-text-inner__text-chunk\">\n<h2>Keep calm and Mar y Sombra<span>&nbsp;<\/span><\/h2>\n<\/div><div class=\"nectar-scrolling-text-inner__text-chunk\">\n<h2>Keep calm and Mar y Sombra<span>&nbsp;<\/span><\/h2>\n<\/div><\/div><\/div>\n\t\t<\/div> \n\t<\/div>\n\t<\/div> \n<\/div><\/div><div id=\"fws_69e8a2fa3036f\" data-midnight=\"\" data-column-margin=\"default\" class=\"wpb_row vc_row-fluid vc_row inner_row  right_padding_20vw left_padding_20vw right_padding_phone_2vw left_padding_phone_2vw\"  style=\"\"><div class=\"row-bg-wrap\"> <div class=\"row-bg\" ><\/div> <\/div><div class=\"row_col_wrap_12_inner col span_12  left\">\n\t<div style=\"margin-top: -20vw; margin-bottom: -12vw; \" class=\"vc_col-sm-12 wpb_column column_container vc_column_container col child_column centered-text neg-marg no-extra-padding top_margin_tablet_-23vw inherit_tablet inherit_phone\"   data-padding-pos=\"all\" data-has-bg-color=\"false\" data-bg-color=\"\" data-bg-opacity=\"1\" data-animation=\"\" data-delay=\"0\" >\n\t\t<div class=\"vc_column-inner\" >\n\t\t<div class=\"wpb_wrapper\">\n\t\t\t<div class=\"img-with-aniamtion-wrap center custom-width-100pct custom-width-phone-60pct\" data-max-width=\"custom\" data-max-width-mobile=\"default\" data-shadow=\"none\" data-animation=\"none\" >\n      <div class=\"inner\">\n        <div class=\"hover-wrap\"> \n          <div class=\"hover-wrap-inner\">\n            <img loading=\"lazy\" decoding=\"async\" class=\"img-with-animation skip-lazy\" data-delay=\"0\" height=\"640\" width=\"1020\" data-animation=\"none\" src=\"https:\/\/masajesmarysombra.com\/wp-content\/uploads\/2023\/08\/foto-grupal-equipo-MAR-Y-SOMBRA-servicios-playa-valencia-hamacas-chiringuitos-bebidas-sombrillas.jpg\" alt=\"\" srcset=\"https:\/\/masajesmarysombra.com\/wp-content\/uploads\/2023\/08\/foto-grupal-equipo-MAR-Y-SOMBRA-servicios-playa-valencia-hamacas-chiringuitos-bebidas-sombrillas.jpg 1020w, https:\/\/masajesmarysombra.com\/wp-content\/uploads\/2023\/08\/foto-grupal-equipo-MAR-Y-SOMBRA-servicios-playa-valencia-hamacas-chiringuitos-bebidas-sombrillas-300x188.jpg 300w, https:\/\/masajesmarysombra.com\/wp-content\/uploads\/2023\/08\/foto-grupal-equipo-MAR-Y-SOMBRA-servicios-playa-valencia-hamacas-chiringuitos-bebidas-sombrillas-768x482.jpg 768w\" sizes=\"auto, (max-width: 1020px) 100vw, 1020px\" \/>\n          <\/div>\n        <\/div>\n      <\/div>\n    <\/div>\n\t\t<\/div> \n\t<\/div>\n\t<\/div> \n<\/div><\/div><div id=\"fws_69e8a2fa306df\" data-midnight=\"\" data-column-margin=\"default\" class=\"wpb_row vc_row-fluid vc_row inner_row  right_padding_0px left_padding_0px\"  style=\" z-index: 200;\"><div class=\"row-bg-wrap\"> <div class=\"row-bg\" ><\/div> <\/div><div class=\"row_col_wrap_12_inner col span_12  center\">\n\t<div style=\" color: #3076f2;\" class=\"vc_col-sm-12 wpb_column column_container vc_column_container col child_column centered-text no-extra-padding inherit_tablet inherit_phone\" data-cfc=\"true\"  data-padding-pos=\"all\" data-has-bg-color=\"false\" data-bg-color=\"\" data-bg-opacity=\"1\" data-animation=\"\" data-delay=\"0\" data-scroll-animation=\"true\" data-scroll-animation-movement=\"default\" data-scroll-animation-mobile=\"\" data-scroll-animation-intensity=\"3\" >\n\t\t<div class=\"vc_column-inner\" >\n\t\t<div class=\"wpb_wrapper\">\n\t\t\t<a href=\"https:\/\/masajesmarysombra.com\/en\/contacto\/\" target=\"_self\" data-nectar-link-indicator=\"true\" data-indicator-bg=\"#ff5c00\" data-indicator-icon=\"#000000\"><div class=\"nectar-split-heading  font_size_tablet_14vw\" data-align=\"center\" data-m-align=\"inherit\" data-text-effect=\"letter-reveal-top\" data-animation-type=\"line-reveal-by-space\" data-animation-delay=\"0\" data-animation-offset=\"\" data-m-rm-animation=\"true\" data-stagger=\"\" data-custom-font-size=\"true\" style=\"font-size: 10vw; line-height: 11vw;\"><h2 style=\" color: #3076f2;\">ven a la playa<\/h2><\/div><\/a>\n<div class=\"wpb_text_column wpb_content_element\" >\n\t<div class=\"wpb_wrapper\">\n\t\t<h3 style=\"text-align: center;\">eso s\u00ed, no hacemos reservas \ud83d\ude09<\/h3>\n\t<\/div>\n<\/div>\n\n\n\n\n\t\t<\/div> \n\t<\/div>\n\t<\/div> \n<\/div><\/div>\n\t\t\t<\/div> \n\t\t<\/div>\n\t<\/div> \n<\/div><\/div>","protected":false},"excerpt":{"rendered":"Trabaja con nosotros \u00bfQuieres formar parte del equipo? Env\u00edanos tu curriculum estaremos encantados de evaluarlo. Sube tu curriculum aqu\u00ed He le\u00eddo, acepto y entiendo la Pol\u00edtica de Privacidad d\u00e1ndome por...","protected":false},"author":1,"featured_media":0,"parent":0,"menu_order":0,"comment_status":"closed","ping_status":"closed","template":"","meta":{"footnotes":""},"class_list":["post-534","page","type-page","status-publish"],"_links":{"self":[{"href":"https:\/\/masajesmarysombra.com\/en\/wp-json\/wp\/v2\/pages\/534","targetHints":{"allow":["GET"]}}],"collection":[{"href":"https:\/\/masajesmarysombra.com\/en\/wp-json\/wp\/v2\/pages"}],"about":[{"href":"https:\/\/masajesmarysombra.com\/en\/wp-json\/wp\/v2\/types\/page"}],"author":[{"embeddable":true,"href":"https:\/\/masajesmarysombra.com\/en\/wp-json\/wp\/v2\/users\/1"}],"replies":[{"embeddable":true,"href":"https:\/\/masajesmarysombra.com\/en\/wp-json\/wp\/v2\/comments?post=534"}],"version-history":[{"count":19,"href":"https:\/\/masajesmarysombra.com\/en\/wp-json\/wp\/v2\/pages\/534\/revisions"}],"predecessor-version":[{"id":684,"href":"https:\/\/masajesmarysombra.com\/en\/wp-json\/wp\/v2\/pages\/534\/revisions\/684"}],"wp:attachment":[{"href":"https:\/\/masajesmarysombra.com\/en\/wp-json\/wp\/v2\/media?parent=534"}],"curies":[{"name":"wp","href":"https:\/\/api.w.org\/{rel}","templated":true}]}}